{"id":326,"date":"2017-07-28T14:14:49","date_gmt":"2017-07-28T14:14:49","guid":{"rendered":"http:\/\/lauradesign.cz\/?page_id=326"},"modified":"2017-07-31T09:35:11","modified_gmt":"2017-07-31T09:35:11","slug":"vykresy-1-trida","status":"publish","type":"page","link":"https:\/\/lauradesign.cz\/?page_id=326","title":{"rendered":"V\u00fdkresy 1. t\u0159\u00edda"},"content":{"rendered":"<p><a href=\"http:\/\/lauradesign.cz\/wp-content\/uploads\/2017\/07\/SKONICA-MIN17072807390.jpg\"><img loading=\"lazy\" decoding=\"async\" class=\"alignnone size-medium wp-image-324\" src=\"http:\/\/lauradesign.cz\/wp-content\/uploads\/2017\/07\/SKONICA-MIN17072807390-212x300.jpg\" alt=\"\" width=\"212\" height=\"300\" \/><\/a><a href=\"http:\/\/lauradesign.cz\/wp-content\/uploads\/2017\/07\/SKONICA-MIN17072806580.jpg\"><img loading=\"lazy\" decoding=\"async\" class=\"alignnone wp-image-323 size-medium\" src=\"http:\/\/lauradesign.cz\/wp-content\/uploads\/2017\/07\/SKONICA-MIN17072806580-212x300.jpg\" alt=\"\" width=\"212\" height=\"300\" \/><\/a><a href=\"http:\/\/lauradesign.cz\/wp-content\/uploads\/2017\/07\/dome\u010dek-v-pol\u00edch.jpg\"><img loading=\"lazy\" decoding=\"async\" class=\"alignnone wp-image-340 size-medium\" src=\"http:\/\/lauradesign.cz\/wp-content\/uploads\/2017\/07\/dome\u010dek-v-pol\u00edch-300x219.jpg\" alt=\"\" width=\"300\" height=\"219\" \/><\/a><\/p>\n","protected":false},"excerpt":{"rendered":"","protected":false},"author":2,"featured_media":0,"parent":213,"menu_order":0,"comment_status":"closed","ping_status":"closed","template":"","meta":{"footnotes":""},"class_list":["post-326","page","type-page","status-publish","hentry","entry"],"_links":{"self":[{"href":"https:\/\/lauradesign.cz\/index.php?rest_route=\/wp\/v2\/pages\/326","targetHints":{"allow":["GET"]}}],"collection":[{"href":"https:\/\/lauradesign.cz\/index.php?rest_route=\/wp\/v2\/pages"}],"about":[{"href":"https:\/\/lauradesign.cz\/index.php?rest_route=\/wp\/v2\/types\/page"}],"author":[{"embeddable":true,"href":"https:\/\/lauradesign.cz\/index.php?rest_route=\/wp\/v2\/users\/2"}],"replies":[{"embeddable":true,"href":"https:\/\/lauradesign.cz\/index.php?rest_route=%2Fwp%2Fv2%2Fcomments&post=326"}],"version-history":[{"count":3,"href":"https:\/\/lauradesign.cz\/index.php?rest_route=\/wp\/v2\/pages\/326\/revisions"}],"predecessor-version":[{"id":343,"href":"https:\/\/lauradesign.cz\/index.php?rest_route=\/wp\/v2\/pages\/326\/revisions\/343"}],"up":[{"embeddable":true,"href":"https:\/\/lauradesign.cz\/index.php?rest_route=\/wp\/v2\/pages\/213"}],"wp:attachment":[{"href":"https:\/\/lauradesign.cz\/index.php?rest_route=%2Fwp%2Fv2%2Fmedia&parent=326"}],"curies":[{"name":"wp","href":"https:\/\/api.w.org\/{rel}","templated":true}]}}