{"id":303,"date":"2017-07-28T13:49:53","date_gmt":"2017-07-28T13:49:53","guid":{"rendered":"http:\/\/lauradesign.cz\/?page_id=303"},"modified":"2017-07-28T13:57:25","modified_gmt":"2017-07-28T13:57:25","slug":"vykresy-2-trida","status":"publish","type":"page","link":"https:\/\/lauradesign.cz\/?page_id=303","title":{"rendered":"V\u00fdkresy 2. t\u0159\u00edda"},"content":{"rendered":"<p><a href=\"http:\/\/lauradesign.cz\/wp-content\/uploads\/2017\/07\/br\u00fdle.jpg\"><img loading=\"lazy\" decoding=\"async\" class=\"wp-image-304 size-medium\" src=\"http:\/\/lauradesign.cz\/wp-content\/uploads\/2017\/07\/br\u00fdle-212x300.jpg\" alt=\"\" width=\"212\" height=\"300\" \/><\/a><a href=\"http:\/\/lauradesign.cz\/wp-content\/uploads\/2017\/07\/\u010dty\u0159ka.jpg\"><img loading=\"lazy\" decoding=\"async\" class=\"alignnone size-medium wp-image-305\" src=\"http:\/\/lauradesign.cz\/wp-content\/uploads\/2017\/07\/\u010dty\u0159ka-212x300.jpg\" alt=\"\" width=\"212\" height=\"300\" \/><\/a> <a href=\"http:\/\/lauradesign.cz\/wp-content\/uploads\/2017\/07\/dvojka.jpg\"><img loading=\"lazy\" decoding=\"async\" class=\"alignnone size-medium wp-image-306\" src=\"http:\/\/lauradesign.cz\/wp-content\/uploads\/2017\/07\/dvojka-212x300.jpg\" alt=\"\" width=\"212\" height=\"300\" \/><\/a> <a href=\"http:\/\/lauradesign.cz\/wp-content\/uploads\/2017\/07\/kl\u00ed\u010dovou-dirkou.jpg\"><img loading=\"lazy\" decoding=\"async\" class=\"alignnone size-medium wp-image-307\" src=\"http:\/\/lauradesign.cz\/wp-content\/uploads\/2017\/07\/kl\u00ed\u010dovou-dirkou-212x300.jpg\" alt=\"\" width=\"212\" height=\"300\" \/><\/a> <a href=\"http:\/\/lauradesign.cz\/wp-content\/uploads\/2017\/07\/kon\u00edk.jpg\"><img loading=\"lazy\" decoding=\"async\" class=\"alignnone size-medium wp-image-308\" src=\"http:\/\/lauradesign.cz\/wp-content\/uploads\/2017\/07\/kon\u00edk-300x212.jpg\" alt=\"\" width=\"300\" height=\"212\" \/><\/a> <a href=\"http:\/\/lauradesign.cz\/wp-content\/uploads\/2017\/07\/nula.jpg\"><img loading=\"lazy\" decoding=\"async\" class=\"alignnone size-medium wp-image-309\" src=\"http:\/\/lauradesign.cz\/wp-content\/uploads\/2017\/07\/nula-212x300.jpg\" alt=\"\" width=\"212\" height=\"300\" \/><\/a> <a href=\"http:\/\/lauradesign.cz\/wp-content\/uploads\/2017\/07\/p\u011btka.jpg\"><img loading=\"lazy\" decoding=\"async\" class=\"alignnone size-medium wp-image-310\" src=\"http:\/\/lauradesign.cz\/wp-content\/uploads\/2017\/07\/p\u011btka-212x300.jpg\" alt=\"\" width=\"212\" height=\"300\" \/><\/a> <a href=\"http:\/\/lauradesign.cz\/wp-content\/uploads\/2017\/07\/pod-lupou.jpg\"><img loading=\"lazy\" decoding=\"async\" class=\"alignnone size-medium wp-image-311\" src=\"http:\/\/lauradesign.cz\/wp-content\/uploads\/2017\/07\/pod-lupou-300x212.jpg\" alt=\"\" width=\"300\" height=\"212\" \/><\/a> <a href=\"http:\/\/lauradesign.cz\/wp-content\/uploads\/2017\/07\/sen.jpg\"><img loading=\"lazy\" decoding=\"async\" class=\"alignnone size-medium wp-image-312\" src=\"http:\/\/lauradesign.cz\/wp-content\/uploads\/2017\/07\/sen-212x300.jpg\" alt=\"\" width=\"212\" height=\"300\" \/><\/a> <a href=\"http:\/\/lauradesign.cz\/wp-content\/uploads\/2017\/07\/trojka.jpg\"><img loading=\"lazy\" decoding=\"async\" class=\"alignnone size-medium wp-image-313\" src=\"http:\/\/lauradesign.cz\/wp-content\/uploads\/2017\/07\/trojka-300x212.jpg\" alt=\"\" width=\"300\" height=\"212\" \/><\/a> <a href=\"http:\/\/lauradesign.cz\/wp-content\/uploads\/2017\/07\/zima.jpg\"><img loading=\"lazy\" decoding=\"async\" class=\"alignnone size-medium wp-image-314\" src=\"http:\/\/lauradesign.cz\/wp-content\/uploads\/2017\/07\/zima-212x300.jpg\" alt=\"\" width=\"212\" height=\"300\" \/><\/a><\/p>\n","protected":false},"excerpt":{"rendered":"","protected":false},"author":2,"featured_media":0,"parent":213,"menu_order":0,"comment_status":"closed","ping_status":"closed","template":"","meta":{"footnotes":""},"class_list":["post-303","page","type-page","status-publish","hentry","entry"],"_links":{"self":[{"href":"https:\/\/lauradesign.cz\/index.php?rest_route=\/wp\/v2\/pages\/303","targetHints":{"allow":["GET"]}}],"collection":[{"href":"https:\/\/lauradesign.cz\/index.php?rest_route=\/wp\/v2\/pages"}],"about":[{"href":"https:\/\/lauradesign.cz\/index.php?rest_route=\/wp\/v2\/types\/page"}],"author":[{"embeddable":true,"href":"https:\/\/lauradesign.cz\/index.php?rest_route=\/wp\/v2\/users\/2"}],"replies":[{"embeddable":true,"href":"https:\/\/lauradesign.cz\/index.php?rest_route=%2Fwp%2Fv2%2Fcomments&post=303"}],"version-history":[{"count":4,"href":"https:\/\/lauradesign.cz\/index.php?rest_route=\/wp\/v2\/pages\/303\/revisions"}],"predecessor-version":[{"id":322,"href":"https:\/\/lauradesign.cz\/index.php?rest_route=\/wp\/v2\/pages\/303\/revisions\/322"}],"up":[{"embeddable":true,"href":"https:\/\/lauradesign.cz\/index.php?rest_route=\/wp\/v2\/pages\/213"}],"wp:attachment":[{"href":"https:\/\/lauradesign.cz\/index.php?rest_route=%2Fwp%2Fv2%2Fmedia&parent=303"}],"curies":[{"name":"wp","href":"https:\/\/api.w.org\/{rel}","templated":true}]}}