{"id":18,"date":"2017-07-01T15:49:01","date_gmt":"2017-07-01T15:49:01","guid":{"rendered":"http:\/\/lauradesign.cz\/?page_id=18"},"modified":"2023-05-02T13:25:25","modified_gmt":"2023-05-02T13:25:25","slug":"uvod","status":"publish","type":"page","link":"https:\/\/lauradesign.cz\/","title":{"rendered":"\u00davod"},"content":{"rendered":"<p>Nic nen\u00ed nemo\u017en\u00e9,<br \/>\nchce to jen p\u00edli a odhodl\u00e1n\u00ed.<\/p>\n<p>N\u011bco o m\u011b<\/p>\n<p>Kdo jsem<br \/>\nJmenuji se Laura \u0160\u016fnov\u00e1 a v sou\u010dasn\u00e9 dob\u011b jsem \u017e\u00e1kyn\u00ed 3. t\u0159\u00eddy z\u00e1kladn\u00ed \u0161koly. V Galerie naleznete moji tvorbu.<\/p>\n<p>Co d\u011bl\u00e1m<br \/>\nHlavn\u00edm kon\u00ed\u010dkem je sportovn\u00ed gymnastika, kter\u00e1 mi zab\u00edr\u00e1 velkou \u010d\u00e1st m\u00e9ho voln\u00e9ho \u010dasu. D\u00e1le r\u00e1da jezd\u00edm na kole, ly\u017euji a v\u016fbec sportuji. Kdy\u017e m\u00e1m \u010das, tak si maluji nebo hled\u00e1m jinou kreativn\u00ed z\u00e1bavu. Zkr\u00e1tka po\u0159\u00e1d mus\u00edm n\u011bco d\u011blat, aby nebyla nuda nebo se doslova stav\u00edm na hlavu \ud83d\ude09<\/p>\n<p><!-- \/row --><\/p>\n","protected":false},"excerpt":{"rendered":"<p>Nic nen\u00ed nemo\u017en\u00e9, chce to jen p\u00edli a odhodl\u00e1n\u00ed. N\u011bco o m\u011b Kdo jsem Jmenuji se Laura \u0160\u016fnov\u00e1 a v sou\u010dasn\u00e9 dob\u011b jsem \u017e\u00e1kyn\u00ed 3. t\u0159\u00eddy z\u00e1kladn\u00ed \u0161koly. V Galerie naleznete moji tvorbu. Co d\u011bl\u00e1m Hlavn\u00edm kon\u00ed\u010dkem je sportovn\u00ed gymnastika, kter\u00e1 mi zab\u00edr\u00e1 velkou \u010d\u00e1st m\u00e9ho voln\u00e9ho \u010dasu. D\u00e1le r\u00e1da jezd\u00edm na kole, ly\u017euji a&hellip; <a class=\"more-link\" href=\"https:\/\/lauradesign.cz\/\">Pokra\u010dovat ve\u00a0\u010dten\u00ed <span class=\"screen-reader-text\">\u00davod<\/span><\/a><\/p>\n","protected":false},"author":2,"featured_media":361,"parent":0,"menu_order":0,"comment_status":"closed","ping_status":"closed","template":"builder.php","meta":{"footnotes":""},"class_list":["post-18","page","type-page","status-publish","has-post-thumbnail","hentry","entry"],"_links":{"self":[{"href":"https:\/\/lauradesign.cz\/index.php?rest_route=\/wp\/v2\/pages\/18","targetHints":{"allow":["GET"]}}],"collection":[{"href":"https:\/\/lauradesign.cz\/index.php?rest_route=\/wp\/v2\/pages"}],"about":[{"href":"https:\/\/lauradesign.cz\/index.php?rest_route=\/wp\/v2\/types\/page"}],"author":[{"embeddable":true,"href":"https:\/\/lauradesign.cz\/index.php?rest_route=\/wp\/v2\/users\/2"}],"replies":[{"embeddable":true,"href":"https:\/\/lauradesign.cz\/index.php?rest_route=%2Fwp%2Fv2%2Fcomments&post=18"}],"version-history":[{"count":81,"href":"https:\/\/lauradesign.cz\/index.php?rest_route=\/wp\/v2\/pages\/18\/revisions"}],"predecessor-version":[{"id":376,"href":"https:\/\/lauradesign.cz\/index.php?rest_route=\/wp\/v2\/pages\/18\/revisions\/376"}],"wp:featuredmedia":[{"embeddable":true,"href":"https:\/\/lauradesign.cz\/index.php?rest_route=\/wp\/v2\/media\/361"}],"wp:attachment":[{"href":"https:\/\/lauradesign.cz\/index.php?rest_route=%2Fwp%2Fv2%2Fmedia&parent=18"}],"curies":[{"name":"wp","href":"https:\/\/api.w.org\/{rel}","templated":true}]}}